{"id":1522,"date":"2026-03-17T21:53:00","date_gmt":"2026-03-18T00:53:00","guid":{"rendered":"https:\/\/www.nemor.com.br\/site\/?page_id=1522"},"modified":"2026-03-18T15:57:09","modified_gmt":"2026-03-18T18:57:09","slug":"nemor-digital-site-em-desenolvimento","status":"publish","type":"page","link":"https:\/\/www.nemor.com.br\/site\/","title":{"rendered":"Nemor Digital | Site em Desenolvimento"},"content":{"rendered":"\t\t<div data-elementor-type=\"wp-page\" data-elementor-id=\"1522\" class=\"elementor elementor-1522\" data-elementor-settings=\"{&quot;element_pack_global_tooltip_width&quot;:{&quot;unit&quot;:&quot;px&quot;,&quot;size&quot;:&quot;&quot;,&quot;sizes&quot;:[]},&quot;element_pack_global_tooltip_width_tablet&quot;:{&quot;unit&quot;:&quot;px&quot;,&quot;size&quot;:&quot;&quot;,&quot;sizes&quot;:[]},&quot;element_pack_global_tooltip_width_mobile&quot;:{&quot;unit&quot;:&quot;px&quot;,&quot;size&quot;:&quot;&quot;,&quot;sizes&quot;:[]},&quot;element_pack_global_tooltip_padding&quot;:{&quot;unit&quot;:&quot;px&quot;,&quot;top&quot;:&quot;&quot;,&quot;right&quot;:&quot;&quot;,&quot;bottom&quot;:&quot;&quot;,&quot;left&quot;:&quot;&quot;,&quot;isLinked&quot;:true},&quot;element_pack_global_tooltip_padding_tablet&quot;:{&quot;unit&quot;:&quot;px&quot;,&quot;top&quot;:&quot;&quot;,&quot;right&quot;:&quot;&quot;,&quot;bottom&quot;:&quot;&quot;,&quot;left&quot;:&quot;&quot;,&quot;isLinked&quot;:true},&quot;element_pack_global_tooltip_padding_mobile&quot;:{&quot;unit&quot;:&quot;px&quot;,&quot;top&quot;:&quot;&quot;,&quot;right&quot;:&quot;&quot;,&quot;bottom&quot;:&quot;&quot;,&quot;left&quot;:&quot;&quot;,&quot;isLinked&quot;:true},&quot;element_pack_global_tooltip_border_radius&quot;:{&quot;unit&quot;:&quot;px&quot;,&quot;top&quot;:&quot;&quot;,&quot;right&quot;:&quot;&quot;,&quot;bottom&quot;:&quot;&quot;,&quot;left&quot;:&quot;&quot;,&quot;isLinked&quot;:true},&quot;element_pack_global_tooltip_border_radius_tablet&quot;:{&quot;unit&quot;:&quot;px&quot;,&quot;top&quot;:&quot;&quot;,&quot;right&quot;:&quot;&quot;,&quot;bottom&quot;:&quot;&quot;,&quot;left&quot;:&quot;&quot;,&quot;isLinked&quot;:true},&quot;element_pack_global_tooltip_border_radius_mobile&quot;:{&quot;unit&quot;:&quot;px&quot;,&quot;top&quot;:&quot;&quot;,&quot;right&quot;:&quot;&quot;,&quot;bottom&quot;:&quot;&quot;,&quot;left&quot;:&quot;&quot;,&quot;isLinked&quot;:true}}\" data-elementor-post-type=\"page\">\n\t\t\t\t<div class=\"elementor-element elementor-element-70ca599 e-flex e-con-boxed e-con e-parent\" data-id=\"70ca599\" data-element_type=\"container\" data-e-type=\"container\" data-settings=\"{&quot;background_background&quot;:&quot;classic&quot;}\">\n\t\t\t\t\t<div class=\"e-con-inner\">\n\t\t<div class=\"elementor-element elementor-element-83c49c8 e-con-full e-flex e-con e-child\" data-id=\"83c49c8\" data-element_type=\"container\" data-e-type=\"container\" data-settings=\"{&quot;background_background&quot;:&quot;classic&quot;}\">\n\t\t\t\t<div class=\"elementor-element elementor-element-ca023b7 elementor-widget elementor-widget-image\" data-id=\"ca023b7\" data-element_type=\"widget\" data-e-type=\"widget\" data-widget_type=\"image.default\">\n\t\t\t\t\t\t\t\t\t\t\t\t\t\t\t<img fetchpriority=\"high\" decoding=\"async\" width=\"700\" height=\"130\" src=\"https:\/\/www.nemor.com.br\/site\/wp-content\/uploads\/Logo-Horizontal-Fundo-Claro.png\" class=\"attachment-large size-large wp-image-374\" alt=\"\" srcset=\"https:\/\/www.nemor.com.br\/site\/wp-content\/uploads\/Logo-Horizontal-Fundo-Claro.png 700w, https:\/\/www.nemor.com.br\/site\/wp-content\/uploads\/Logo-Horizontal-Fundo-Claro-650x121.png 650w\" sizes=\"(max-width: 700px) 100vw, 700px\" \/>\t\t\t\t\t\t\t\t\t\t\t\t\t\t\t<\/div>\n\t\t\t\t<div class=\"elementor-element elementor-element-4697a10 elementor-invisible elementor-widget elementor-widget-heading\" data-id=\"4697a10\" data-element_type=\"widget\" data-e-type=\"widget\" data-settings=\"{&quot;_animation&quot;:&quot;fadeInUp&quot;,&quot;_animation_delay&quot;:550}\" data-widget_type=\"heading.default\">\n\t\t\t\t\t<h1 class=\"elementor-heading-title elementor-size-default\">Site em Desenvolvimento<\/h1>\t\t\t\t<\/div>\n\t\t\t\t<\/div>\n\t\t<div class=\"elementor-element elementor-element-13dc030 e-con-full e-flex e-con e-child\" data-id=\"13dc030\" data-element_type=\"container\" data-e-type=\"container\" data-settings=\"{&quot;background_background&quot;:&quot;classic&quot;}\">\n\t\t\t\t<div class=\"elementor-element elementor-element-1a62a98 elementor-widget elementor-widget-text-editor\" data-id=\"1a62a98\" data-element_type=\"widget\" data-e-type=\"widget\" data-widget_type=\"text-editor.default\">\n\t\t\t\t\t\t\t\t\t<p>Preencha o formul\u00e1rio de contato que nossa equipe retornar\u00e1 o mais breve poss\u00edvel.<\/p>\t\t\t\t\t\t\t\t<\/div>\n\t\t\t\t<div class=\"elementor-element elementor-element-b25d3ee bdt-fluentform-form-button-custom bdt-ff-step-header-yes bdt-ff-step-progressbar-yes elementor-widget elementor-widget-bdt-fluent-forms\" data-id=\"b25d3ee\" data-element_type=\"widget\" data-e-type=\"widget\" data-widget_type=\"bdt-fluent-forms.default\">\n\t\t\t\t\t\n\t\t<div class=\"bdt-fluent-forms\">\n\n\t\t\t<div class='fluentform ff-default fluentform_wrapper_1 ffs_default_wrap'><form data-form_id=\"1\" id=\"fluentform_1\" class=\"frm-fluent-form fluent_form_1 ff-el-form-top ff_form_instance_1_1 ff-form-loading ffs_default\" data-form_instance=\"ff_form_instance_1_1\" method=\"POST\" ><fieldset  style=\"border: none!important;margin: 0!important;padding: 0!important;background-color: transparent!important;box-shadow: none!important;outline: none!important; min-inline-size: 100%;\">\n                    <legend class=\"ff_screen_reader_title\" style=\"display: block; margin: 0!important;padding: 0!important;height: 0!important;text-indent: -999999px;width: 0!important;overflow:hidden;\">Contato<\/legend><input type='hidden' name='__fluent_form_embded_post_id' value='1522' \/><input type=\"hidden\" id=\"_fluentform_1_fluentformnonce\" name=\"_fluentform_1_fluentformnonce\" value=\"b27dc80cbb\" \/><input type=\"hidden\" name=\"_wp_http_referer\" value=\"\/site\/wp-json\/wp\/v2\/pages\/1522\" \/><div class='ff-el-group'><div class='ff-el-input--content'><input type=\"text\" name=\"nome\" class=\"ff-el-form-control\" placeholder=\"Nome\" data-name=\"nome\" id=\"ff_1_nome\"  aria-invalid=\"false\" aria-required=true><\/div><\/div><div data-name=\"ff_cn_id_1\"  class='ff-t-container ff-column-container ff_columns_total_2 '><div class='ff-t-cell ff-t-column-1' style='flex-basis: 50%;'><div class='ff-el-group'><div class='ff-el-input--content'><input type=\"email\" name=\"email\" id=\"ff_1_email\" class=\"ff-el-form-control\" placeholder=\"E-mail\" data-name=\"email\"  aria-invalid=\"false\" aria-required=true><\/div><\/div><\/div><div class='ff-t-cell ff-t-column-2' style='flex-basis: 50%;'><div class='ff-el-group'><div class='ff-el-input--content'><input type=\"text\" name=\"WhatsApp\" data-mask=\"(00) 0 0000-0000\" class=\"ff-el-form-control\" placeholder=\"WhatsApp\" data-name=\"WhatsApp\" id=\"ff_1_WhatsApp\"  aria-invalid=\"false\" aria-required=true><\/div><\/div><\/div><\/div><div class='ff-el-group'><div class='ff-el-input--content'><input type=\"text\" name=\"Assunto\" class=\"ff-el-form-control\" placeholder=\"Assunto\" data-name=\"Assunto\" id=\"ff_1_Assunto\"  aria-invalid=\"false\" aria-required=false><\/div><\/div><div class='ff-el-group'><div class='ff-el-input--content'><textarea aria-required=\"true\" aria-labelledby=\"label_ff_1_mensagem\" name=\"mensagem\" id=\"ff_1_mensagem\" class=\"ff-el-form-control\" placeholder=\"Mensagem\" rows=\"4\" cols=\"2\" data-name=\"mensagem\" ><\/textarea><\/div><\/div><div class='ff-el-group ff-text-center ff_submit_btn_wrapper'><button type=\"submit\" class=\"ff-btn ff-btn-submit ff-btn-md ff_btn_style wpf_has_custom_css\"  aria-label=\"Enviar\">Enviar<\/button><\/div><\/fieldset><\/form><div id='fluentform_1_errors' class='ff-errors-in-stack ff_form_instance_1_1 ff-form-loading_errors ff_form_instance_1_1_errors'><\/div><\/div>            <script type=\"text\/javascript\">\n                window.fluent_form_ff_form_instance_1_1 = {\"id\":\"1\",\"settings\":{\"layout\":{\"labelPlacement\":\"top\",\"helpMessagePlacement\":\"with_label\",\"errorMessagePlacement\":\"inline\",\"cssClassName\":\"\",\"asteriskPlacement\":\"asterisk-right\"},\"restrictions\":{\"denyEmptySubmission\":{\"enabled\":false}}},\"form_instance\":\"ff_form_instance_1_1\",\"form_id_selector\":\"fluentform_1\",\"rules\":{\"nome\":{\"required\":{\"value\":true,\"message\":\"Preencha com seu nome\",\"global\":false,\"global_message\":\"This field is required\"}},\"email\":{\"required\":{\"value\":true,\"message\":\"Preencha com seu e-mail\",\"global\":false,\"global_message\":\"This field is required\"},\"email\":{\"value\":true,\"message\":\"Preencha com um e-mail v\\u00e1lido'\",\"global\":false,\"global_message\":\"This field must contain a valid email\"}},\"WhatsApp\":{\"required\":{\"value\":true,\"message\":\"Preencha com seu WhatsApp ou Celular\",\"global_message\":\"This field is required\",\"global\":false}},\"Assunto\":{\"required\":{\"value\":false,\"message\":\"This field is required\",\"global\":false,\"global_message\":\"This field is required\"}},\"mensagem\":{\"required\":{\"value\":true,\"message\":\"Preencha com sua mensagem\",\"global\":false,\"global_message\":\"This field is required\"}}},\"debounce_time\":300};\n                            <\/script>\n            \n\t\t<\/div>\n\n\t\t\t\t\t\t<\/div>\n\t\t\t\t<\/div>\n\t\t\t\t\t<\/div>\n\t\t\t\t<\/div>\n\t\t\t\t<\/div>\n\t\t","protected":false},"excerpt":{"rendered":"<p>Site em Desenvolvimento Preencha o formul\u00e1rio de contato que nossa equipe retornar\u00e1 o mais breve poss\u00edvel.<\/p>\n","protected":false},"author":1,"featured_media":0,"parent":0,"menu_order":5,"comment_status":"closed","ping_status":"closed","template":"elementor_canvas","meta":{"_acf_changed":false,"footnotes":""},"class_list":["post-1522","page","type-page","status-publish","hentry"],"acf":[],"_links":{"self":[{"href":"https:\/\/www.nemor.com.br\/site\/wp-json\/wp\/v2\/pages\/1522","targetHints":{"allow":["GET"]}}],"collection":[{"href":"https:\/\/www.nemor.com.br\/site\/wp-json\/wp\/v2\/pages"}],"about":[{"href":"https:\/\/www.nemor.com.br\/site\/wp-json\/wp\/v2\/types\/page"}],"author":[{"embeddable":true,"href":"https:\/\/www.nemor.com.br\/site\/wp-json\/wp\/v2\/users\/1"}],"replies":[{"embeddable":true,"href":"https:\/\/www.nemor.com.br\/site\/wp-json\/wp\/v2\/comments?post=1522"}],"version-history":[{"count":31,"href":"https:\/\/www.nemor.com.br\/site\/wp-json\/wp\/v2\/pages\/1522\/revisions"}],"predecessor-version":[{"id":1562,"href":"https:\/\/www.nemor.com.br\/site\/wp-json\/wp\/v2\/pages\/1522\/revisions\/1562"}],"wp:attachment":[{"href":"https:\/\/www.nemor.com.br\/site\/wp-json\/wp\/v2\/media?parent=1522"}],"curies":[{"name":"wp","href":"https:\/\/api.w.org\/{rel}","templated":true}]}}